{"id":900,"date":"2024-03-08T16:50:03","date_gmt":"2024-03-08T16:50:03","guid":{"rendered":"https:\/\/maittaa.com\/?page_id=900"},"modified":"2024-03-11T22:54:50","modified_gmt":"2024-03-11T22:54:50","slug":"viaja-por-colombia","status":"publish","type":"page","link":"https:\/\/maittaa.com\/en\/viaja-por-colombia\/","title":{"rendered":"Travel through Colombia"},"content":{"rendered":"<div data-elementor-type=\"wp-page\" data-elementor-id=\"900\" class=\"elementor elementor-900\" data-elementor-post-type=\"page\">\n\t\t\t\t<div class=\"elementor-element elementor-element-e27bc38 e-flex e-con-boxed e-con e-parent\" data-id=\"e27bc38\" data-element_type=\"container\" data-e-type=\"container\">\n\t\t\t\t\t<div class=\"e-con-inner\">\n\t\t\t\t<div class=\"elementor-element elementor-element-3c839f1 elementor-widget elementor-widget-heading\" data-id=\"3c839f1\" data-element_type=\"widget\" data-e-type=\"widget\" data-widget_type=\"heading.default\">\n\t\t\t\t<div class=\"elementor-widget-container\">\n\t\t\t\t\t<h2 class=\"elementor-heading-title elementor-size-default\">Travel through Colombia<\/h2>\t\t\t\t<\/div>\n\t\t\t\t<\/div>\n\t\t\t\t<div class=\"elementor-element elementor-element-538e3ee elementor-widget-divider--view-line elementor-widget elementor-widget-divider\" data-id=\"538e3ee\" data-element_type=\"widget\" data-e-type=\"widget\" data-widget_type=\"divider.default\">\n\t\t\t\t<div class=\"elementor-widget-container\">\n\t\t\t\t\t\t\t<div class=\"elementor-divider\">\n\t\t\t<span class=\"elementor-divider-separator\">\n\t\t\t\t\t\t<\/span>\n\t\t<\/div>\n\t\t\t\t\t\t<\/div>\n\t\t\t\t<\/div>\n\t\t<div class=\"elementor-element elementor-element-e8ad0f8 e-flex e-con-boxed e-con e-child\" data-id=\"e8ad0f8\" data-element_type=\"container\" data-e-type=\"container\">\n\t\t\t\t\t<div class=\"e-con-inner\">\n\t\t\t\t<div class=\"elementor-element elementor-element-c431a53 elementor-widget elementor-widget-text-editor\" data-id=\"c431a53\" data-element_type=\"widget\" data-e-type=\"widget\" data-widget_type=\"text-editor.default\">\n\t\t\t\t<div class=\"elementor-widget-container\">\n\t\t\t\t\t\t\t\t\t<p>Immerse yourself in the rich Colombian culture with our cultural tours, which include visits to historical sites, museums, festivals, and traditional events.<\/p>\t\t\t\t\t\t\t\t<\/div>\n\t\t\t\t<\/div>\n\t\t\t\t\t<\/div>\n\t\t\t\t<\/div>\n\t\t\t\t\t<\/div>\n\t\t\t\t<\/div>\n\t\t<div class=\"elementor-element elementor-element-5610a64 e-flex e-con-boxed e-con e-parent\" data-id=\"5610a64\" data-element_type=\"container\" data-e-type=\"container\">\n\t\t\t\t\t<div class=\"e-con-inner\">\n\t\t\t\t<div class=\"elementor-element elementor-element-78dac30 elementor-widget__width-initial elementor-position-top elementor-widget elementor-widget-image-box\" data-id=\"78dac30\" data-element_type=\"widget\" data-e-type=\"widget\" data-widget_type=\"image-box.default\">\n\t\t\t\t<div class=\"elementor-widget-container\">\n\t\t\t\t\t<div class=\"elementor-image-box-wrapper\"><figure class=\"elementor-image-box-img\"><a href=\"https:\/\/maittaa.com\/en\/pasadia-camarones\/\" tabindex=\"-1\"><img fetchpriority=\"high\" decoding=\"async\" width=\"700\" height=\"394\" src=\"https:\/\/maittaa.com\/wp-content\/uploads\/2024\/03\/camarones.jpg\" class=\"attachment-full size-full wp-image-1364\" alt=\"\" srcset=\"https:\/\/maittaa.com\/wp-content\/uploads\/2024\/03\/camarones.jpg 700w, https:\/\/maittaa.com\/wp-content\/uploads\/2024\/03\/camarones-300x169.jpg 300w, https:\/\/maittaa.com\/wp-content\/uploads\/2024\/03\/camarones-600x338.jpg 600w\" sizes=\"(max-width: 700px) 100vw, 700px\" \/><\/a><\/figure><div class=\"elementor-image-box-content\"><h3 class=\"elementor-image-box-title\"><a href=\"https:\/\/maittaa.com\/en\/pasadia-camarones\/\">Shrimp Pasad\u00eda<\/a><\/h3><\/div><\/div>\t\t\t\t<\/div>\n\t\t\t\t<\/div>\n\t\t\t\t<div class=\"elementor-element elementor-element-677c5b0 elementor-widget__width-initial elementor-position-top elementor-widget elementor-widget-image-box\" data-id=\"677c5b0\" data-element_type=\"widget\" data-e-type=\"widget\" data-widget_type=\"image-box.default\">\n\t\t\t\t<div class=\"elementor-widget-container\">\n\t\t\t\t\t<div class=\"elementor-image-box-wrapper\"><figure class=\"elementor-image-box-img\"><a href=\"https:\/\/maittaa.com\/en\/pasadia-cabo-de-la-vela\/\" tabindex=\"-1\"><img decoding=\"async\" src=\"https:\/\/maittaa.com\/wp-content\/uploads\/2024\/03\/pasadiacabodevela.jpg\" title=\"\" alt=\"\" loading=\"lazy\" \/><\/a><\/figure><div class=\"elementor-image-box-content\"><h3 class=\"elementor-image-box-title\"><a href=\"https:\/\/maittaa.com\/en\/pasadia-cabo-de-la-vela\/\">Cabo de la Vela Passage<\/a><\/h3><\/div><\/div>\t\t\t\t<\/div>\n\t\t\t\t<\/div>\n\t\t\t\t<div class=\"elementor-element elementor-element-71d4cae elementor-widget__width-initial elementor-position-top elementor-widget elementor-widget-image-box\" data-id=\"71d4cae\" data-element_type=\"widget\" data-e-type=\"widget\" data-widget_type=\"image-box.default\">\n\t\t\t\t<div class=\"elementor-widget-container\">\n\t\t\t\t\t<div class=\"elementor-image-box-wrapper\"><figure class=\"elementor-image-box-img\"><a href=\"https:\/\/maittaa.com\/en\/pasadia-camarones-palomino\/\" tabindex=\"-1\"><img decoding=\"async\" src=\"https:\/\/maittaa.com\/wp-content\/uploads\/2024\/03\/palomino-1.jpg\" title=\"\" alt=\"\" loading=\"lazy\" \/><\/a><\/figure><div class=\"elementor-image-box-content\"><h3 class=\"elementor-image-box-title\"><a href=\"https:\/\/maittaa.com\/en\/pasadia-camarones-palomino\/\">Pasad\u00eda Camarones - Palomino<\/a><\/h3><\/div><\/div>\t\t\t\t<\/div>\n\t\t\t\t<\/div>\n\t\t\t\t\t<\/div>\n\t\t\t\t<\/div>\n\t\t<div class=\"elementor-element elementor-element-0c2b462 e-flex e-con-boxed e-con e-parent\" data-id=\"0c2b462\" data-element_type=\"container\" data-e-type=\"container\">\n\t\t\t\t\t<div class=\"e-con-inner\">\n\t\t\t\t<div class=\"elementor-element elementor-element-4bc7065 elementor-widget__width-initial elementor-position-top elementor-widget elementor-widget-image-box\" data-id=\"4bc7065\" data-element_type=\"widget\" data-e-type=\"widget\" data-widget_type=\"image-box.default\">\n\t\t\t\t<div class=\"elementor-widget-container\">\n\t\t\t\t\t<div class=\"elementor-image-box-wrapper\"><figure class=\"elementor-image-box-img\"><a href=\"https:\/\/maittaa.com\/en\/amanecida-cabo-de-la-vela\/\" tabindex=\"-1\"><img decoding=\"async\" src=\"https:\/\/maittaa.com\/wp-content\/uploads\/2024\/03\/cabodelavela2.jpg\" title=\"\" alt=\"\" loading=\"lazy\" \/><\/a><\/figure><div class=\"elementor-image-box-content\"><h3 class=\"elementor-image-box-title\"><a href=\"https:\/\/maittaa.com\/en\/amanecida-cabo-de-la-vela\/\">Sunrise Cabo de la Vela<\/a><\/h3><\/div><\/div>\t\t\t\t<\/div>\n\t\t\t\t<\/div>\n\t\t\t\t<div class=\"elementor-element elementor-element-95c007a elementor-widget__width-initial elementor-position-top elementor-widget elementor-widget-image-box\" data-id=\"95c007a\" data-element_type=\"widget\" data-e-type=\"widget\" data-widget_type=\"image-box.default\">\n\t\t\t\t<div class=\"elementor-widget-container\">\n\t\t\t\t\t<div class=\"elementor-image-box-wrapper\"><figure class=\"elementor-image-box-img\"><a href=\"https:\/\/maittaa.com\/en\/riohacha-punta-gallina-cabo-de-la-vela\/\" tabindex=\"-1\"><img decoding=\"async\" src=\"https:\/\/maittaa.com\/wp-content\/uploads\/2024\/03\/elfaro.jpg\" title=\"\" alt=\"\" loading=\"lazy\" \/><\/a><\/figure><div class=\"elementor-image-box-content\"><h3 class=\"elementor-image-box-title\"><a href=\"https:\/\/maittaa.com\/en\/riohacha-punta-gallina-cabo-de-la-vela\/\">Riohacha - Punta Gallina <\/a><\/h3><\/div><\/div>\t\t\t\t<\/div>\n\t\t\t\t<\/div>\n\t\t\t\t<div class=\"elementor-element elementor-element-6fa6cd6 elementor-widget__width-initial elementor-position-top elementor-widget elementor-widget-image-box\" data-id=\"6fa6cd6\" data-element_type=\"widget\" data-e-type=\"widget\" data-widget_type=\"image-box.default\">\n\t\t\t\t<div class=\"elementor-widget-container\">\n\t\t\t\t\t<div class=\"elementor-image-box-wrapper\"><figure class=\"elementor-image-box-img\"><a href=\"https:\/\/maittaa.com\/en\/cabo-de-la-vela-punta-gallina\/\" tabindex=\"-1\"><img decoding=\"async\" src=\"https:\/\/maittaa.com\/wp-content\/uploads\/2024\/03\/dunasdetaroa.jpg\" title=\"\" alt=\"\" loading=\"lazy\" \/><\/a><\/figure><div class=\"elementor-image-box-content\"><h3 class=\"elementor-image-box-title\"><a href=\"https:\/\/maittaa.com\/en\/cabo-de-la-vela-punta-gallina\/\">Cabo de la vela - Punta Gallina<\/a><\/h3><\/div><\/div>\t\t\t\t<\/div>\n\t\t\t\t<\/div>\n\t\t\t\t\t<\/div>\n\t\t\t\t<\/div>\n\t\t<div class=\"elementor-element elementor-element-ffe4219 e-flex e-con-boxed e-con e-parent\" data-id=\"ffe4219\" data-element_type=\"container\" data-e-type=\"container\">\n\t\t\t\t\t<div class=\"e-con-inner\">\n\t\t\t\t<div class=\"elementor-element elementor-element-6f95447 elementor-widget__width-initial elementor-position-top elementor-widget elementor-widget-image-box\" data-id=\"6f95447\" data-element_type=\"widget\" data-e-type=\"widget\" data-widget_type=\"image-box.default\">\n\t\t\t\t<div class=\"elementor-widget-container\">\n\t\t\t\t\t<div class=\"elementor-image-box-wrapper\"><figure class=\"elementor-image-box-img\"><a href=\"https:\/\/maittaa.com\/en\/mayapo-cabo-de-la-vela-punta-gallina-riohacha\/\" tabindex=\"-1\"><img decoding=\"async\" width=\"700\" height=\"394\" src=\"https:\/\/maittaa.com\/wp-content\/uploads\/2024\/03\/puntaaguja.jpg\" class=\"attachment-full size-full wp-image-1356\" alt=\"\" srcset=\"https:\/\/maittaa.com\/wp-content\/uploads\/2024\/03\/puntaaguja.jpg 700w, https:\/\/maittaa.com\/wp-content\/uploads\/2024\/03\/puntaaguja-300x169.jpg 300w, https:\/\/maittaa.com\/wp-content\/uploads\/2024\/03\/puntaaguja-600x338.jpg 600w\" sizes=\"(max-width: 700px) 100vw, 700px\" \/><\/a><\/figure><div class=\"elementor-image-box-content\"><h3 class=\"elementor-image-box-title\"><a href=\"https:\/\/maittaa.com\/en\/mayapo-cabo-de-la-vela-punta-gallina-riohacha\/\">Mayapo - Cabo de la vela <\/a><\/h3><\/div><\/div>\t\t\t\t<\/div>\n\t\t\t\t<\/div>\n\t\t\t\t<div class=\"elementor-element elementor-element-f349998 elementor-widget__width-initial elementor-position-top elementor-widget elementor-widget-image-box\" data-id=\"f349998\" data-element_type=\"widget\" data-e-type=\"widget\" data-widget_type=\"image-box.default\">\n\t\t\t\t<div class=\"elementor-widget-container\">\n\t\t\t\t\t<div class=\"elementor-image-box-wrapper\"><figure class=\"elementor-image-box-img\"><a href=\"https:\/\/maittaa.com\/en\/pasadia-mayapo\/\" tabindex=\"-1\"><img decoding=\"async\" width=\"1920\" height=\"1080\" src=\"https:\/\/maittaa.com\/wp-content\/uploads\/2024\/03\/mayapo-1.jpg\" class=\"attachment-full size-full wp-image-1416\" alt=\"\" srcset=\"https:\/\/maittaa.com\/wp-content\/uploads\/2024\/03\/mayapo-1.jpg 1920w, https:\/\/maittaa.com\/wp-content\/uploads\/2024\/03\/mayapo-1-300x169.jpg 300w, https:\/\/maittaa.com\/wp-content\/uploads\/2024\/03\/mayapo-1-1024x576.jpg 1024w, https:\/\/maittaa.com\/wp-content\/uploads\/2024\/03\/mayapo-1-768x432.jpg 768w, https:\/\/maittaa.com\/wp-content\/uploads\/2024\/03\/mayapo-1-1536x864.jpg 1536w, https:\/\/maittaa.com\/wp-content\/uploads\/2024\/03\/mayapo-1-600x338.jpg 600w\" sizes=\"(max-width: 1920px) 100vw, 1920px\" \/><\/a><\/figure><div class=\"elementor-image-box-content\"><h3 class=\"elementor-image-box-title\"><a href=\"https:\/\/maittaa.com\/en\/pasadia-mayapo\/\">Mayapo Pasad\u00eda<\/a><\/h3><\/div><\/div>\t\t\t\t<\/div>\n\t\t\t\t<\/div>\n\t\t\t\t\t<\/div>\n\t\t\t\t<\/div>\n\t\t\t\t<\/div>","protected":false},"excerpt":{"rendered":"<p>Viaja por Colombia Sum\u00e9rgete en la rica cultura colombiana con nuestros tours culturales, que incluyen visitas a sitios hist\u00f3ricos, museos, festivales y eventos tradicionales. Pasad\u00eda Camarones Pasad\u00eda Cabo de la vela Pasad\u00eda Camarones &#8211; Palomino Amanecida Cabo de la Vela Riohacha &#8211; Punta Gallina Cabo de la vela &#8211; Punta Gallina Mayapo &#8211; Cabo de [&hellip;]<\/p>\n","protected":false},"author":1,"featured_media":0,"parent":0,"menu_order":0,"comment_status":"closed","ping_status":"closed","template":"","meta":{"site-sidebar-layout":"no-sidebar","site-content-layout":"page-builder","ast-site-content-layout":"default","site-content-style":"default","site-sidebar-style":"default","ast-global-header-display":"","ast-banner-title-visibility":"","ast-main-header-display":"","ast-hfb-above-header-display":"","ast-hfb-below-header-display":"","ast-hfb-mobile-header-display":"","site-post-title":"disabled","ast-breadcrumbs-content":"disabled","ast-featured-img":"disabled","footer-sml-layout":"","ast-disable-related-posts":"","theme-transparent-header-meta":"enabled","adv-header-id-meta":"","stick-header-meta":"","header-above-stick-meta":"","header-main-stick-meta":"","header-below-stick-meta":"","astra-migrate-meta-layouts":"default","ast-page-background-enabled":"default","ast-page-background-meta":{"desktop":{"background-color":"var(--ast-global-color-4)","background-image":"","background-repeat":"repeat","background-position":"center center","background-size":"auto","background-attachment":"scroll","background-type":"","background-media":"","overlay-type":"","overlay-color":"","overlay-opacity":"","overlay-gradient":""},"tablet":{"background-color":"","background-image":"","background-repeat":"repeat","background-position":"center center","background-size":"auto","background-attachment":"scroll","background-type":"","background-media":"","overlay-type":"","overlay-color":"","overlay-opacity":"","overlay-gradient":""},"mobile":{"background-color":"","background-image":"","background-repeat":"repeat","background-position":"center center","background-size":"auto","background-attachment":"scroll","background-type":"","background-media":"","overlay-type":"","overlay-color":"","overlay-opacity":"","overlay-gradient":""}},"ast-content-background-meta":{"desktop":{"background-color":"var(--ast-global-color-5)","background-image":"","background-repeat":"repeat","background-position":"center center","background-size":"auto","background-attachment":"scroll","background-type":"","background-media":"","overlay-type":"","overlay-color":"","overlay-opacity":"","overlay-gradient":""},"tablet":{"background-color":"var(--ast-global-color-5)","background-image":"","background-repeat":"repeat","background-position":"center center","background-size":"auto","background-attachment":"scroll","background-type":"","background-media":"","overlay-type":"","overlay-color":"","overlay-opacity":"","overlay-gradient":""},"mobile":{"background-color":"var(--ast-global-color-5)","background-image":"","background-repeat":"repeat","background-position":"center center","background-size":"auto","background-attachment":"scroll","background-type":"","background-media":"","overlay-type":"","overlay-color":"","overlay-opacity":"","overlay-gradient":""}},"_joinchat":[],"footnotes":""},"class_list":["post-900","page","type-page","status-publish","hentry"],"_links":{"self":[{"href":"https:\/\/maittaa.com\/en\/wp-json\/wp\/v2\/pages\/900","targetHints":{"allow":["GET"]}}],"collection":[{"href":"https:\/\/maittaa.com\/en\/wp-json\/wp\/v2\/pages"}],"about":[{"href":"https:\/\/maittaa.com\/en\/wp-json\/wp\/v2\/types\/page"}],"author":[{"embeddable":true,"href":"https:\/\/maittaa.com\/en\/wp-json\/wp\/v2\/users\/1"}],"replies":[{"embeddable":true,"href":"https:\/\/maittaa.com\/en\/wp-json\/wp\/v2\/comments?post=900"}],"version-history":[{"count":34,"href":"https:\/\/maittaa.com\/en\/wp-json\/wp\/v2\/pages\/900\/revisions"}],"predecessor-version":[{"id":1423,"href":"https:\/\/maittaa.com\/en\/wp-json\/wp\/v2\/pages\/900\/revisions\/1423"}],"wp:attachment":[{"href":"https:\/\/maittaa.com\/en\/wp-json\/wp\/v2\/media?parent=900"}],"curies":[{"name":"wp","href":"https:\/\/api.w.org\/{rel}","templated":true}]}}