{"id":1555,"date":"2024-03-22T21:44:27","date_gmt":"2024-03-22T21:44:27","guid":{"rendered":"https:\/\/maittaa.com\/?page_id=1555"},"modified":"2024-03-22T21:44:27","modified_gmt":"2024-03-22T21:44:27","slug":"terminos-y-condiciones","status":"publish","type":"page","link":"https:\/\/maittaa.com\/en\/terminos-y-condiciones\/","title":{"rendered":"Terms and Conditions"},"content":{"rendered":"<p><strong>LEGAL NOTICE<\/strong><\/p>\n<p>In compliance with current legislation on the protection of personal data, as well as with existing regulations on information society services and electronic commerce, you are hereby informed of the Legal Notice, Privacy Policy and Terms and Conditions that regulate the use of the web site <a href=\"https:\/\/maittaa.com\/en\/\" target=\"_new\" rel=\"noopener\">www.maittaa.com<\/a>.<\/p>\n<p>Through the website <a href=\"https:\/\/maittaa.com\/en\/\" target=\"_new\" rel=\"noopener\">www.maittaa.com<\/a>In addition, it provides information about its products and offers the possibility of purchasing them through the online store included in this website.<\/p>\n<p>For questions or complaints, please contact <a target=\"_new\" rel=\"noopener\">info@maittaa.com<\/a>.<\/p>\n<hr \/>\n<p><strong>PRIVACY POLICY<\/strong><\/p>\n<p>It is important that you understand what information we collect and how we use it, as accessing this site implies acceptance of our privacy policy.<\/p>\n<p>In compliance with the provisions of current legislation, the personal data provided by you will form part of our computer file and will be used only for the purposes described in our privacy policy.<\/p>\n<p>For more details on how we handle your personal data, please see our full Privacy Policy on the website.<\/p>\n<hr \/>\n<p><strong>TERMS AND CONDITIONS<\/strong><\/p>\n<p><strong>1. Acceptance of Terms and Conditions<\/strong><\/p>\n<p>By accessing and using the website <a href=\"https:\/\/maittaa.com\/en\/\" target=\"_new\" rel=\"noopener\">www.maittaa.com<\/a>you accept without reservation the terms and conditions set forth herein. If you do not agree with them, you must leave the website.<\/p>\n<p><strong>2. Intellectual, industrial and other property rights<\/strong><\/p>\n<p>All website content, including software, images and trademarks, is protected by Intellectual and Industrial Property laws. Unauthorized use is prohibited.<\/p>\n<p><strong>3. Limitation of Liability<\/strong><\/p>\n<p>Use of the website is at your own risk. We do not guarantee its continuous availability or the absence of errors. We shall not be liable for any damages arising from the use of the website.<\/p>\n<p><strong>4. Links<\/strong><\/p>\n<p>The website may contain links to other Internet sites. We are not responsible for the contents of these sites or their technical availability.<\/p>\n<p><strong>5. General Conditions of Sale<\/strong><\/p>\n<ul>\n<li>Coverage of the online store.<\/li>\n<li>Product information.<\/li>\n<li>Availability.<\/li>\n<li>Currency and Prices.<\/li>\n<li>Payment.<\/li>\n<li>Shipping Policy.<\/li>\n<li>Returns and Exchanges Policy.<\/li>\n<\/ul>\n<p><strong>6. Applicable Law and Jurisdiction<\/strong><\/p>\n<p>These Terms and Conditions are governed by Spanish law. Any dispute shall be submitted to the Courts and Tribunals in Colombia.<\/p>\n<p><strong>7. Customer Service<\/strong><\/p>\n<p>For inquiries or complaints, please contact us at <a target=\"_new\" rel=\"noopener\">info@maittaa.com<\/a>.<\/p>","protected":false},"excerpt":{"rendered":"<p>AVISO LEGAL En cumplimiento de la normativa vigente en materia de protecci\u00f3n de datos de car\u00e1cter personal, as\u00ed como de la regulaci\u00f3n existente en materia de servicios de la sociedad de la informaci\u00f3n y de comercio electr\u00f3nico, se ponen en su conocimiento el Aviso Legal, la Pol\u00edtica de Privacidad y los T\u00e9rminos y Condiciones que [&hellip;]<\/p>\n","protected":false},"author":1,"featured_media":0,"parent":0,"menu_order":0,"comment_status":"closed","ping_status":"closed","template":"","meta":{"site-sidebar-layout":"default","site-content-layout":"","ast-site-content-layout":"default","site-content-style":"default","site-sidebar-style":"default","ast-global-header-display":"","ast-banner-title-visibility":"","ast-main-header-display":"","ast-hfb-above-header-display":"","ast-hfb-below-header-display":"","ast-hfb-mobile-header-display":"","site-post-title":"","ast-breadcrumbs-content":"","ast-featured-img":"","footer-sml-layout":"","ast-disable-related-posts":"","theme-transparent-header-meta":"default","adv-header-id-meta":"","stick-header-meta":"default","header-above-stick-meta":"","header-main-stick-meta":"","header-below-stick-meta":"","astra-migrate-meta-layouts":"set","ast-page-background-enabled":"default","ast-page-background-meta":{"desktop":{"background-color":"var(--ast-global-color-4)","background-image":"","background-repeat":"repeat","background-position":"center center","background-size":"auto","background-attachment":"scroll","background-type":"","background-media":"","overlay-type":"","overlay-color":"","overlay-opacity":"","overlay-gradient":""},"tablet":{"background-color":"","background-image":"","background-repeat":"repeat","background-position":"center center","background-size":"auto","background-attachment":"scroll","background-type":"","background-media":"","overlay-type":"","overlay-color":"","overlay-opacity":"","overlay-gradient":""},"mobile":{"background-color":"","background-image":"","background-repeat":"repeat","background-position":"center center","background-size":"auto","background-attachment":"scroll","background-type":"","background-media":"","overlay-type":"","overlay-color":"","overlay-opacity":"","overlay-gradient":""}},"ast-content-background-meta":{"desktop":{"background-color":"var(--ast-global-color-5)","background-image":"","background-repeat":"repeat","background-position":"center center","background-size":"auto","background-attachment":"scroll","background-type":"","background-media":"","overlay-type":"","overlay-color":"","overlay-opacity":"","overlay-gradient":""},"tablet":{"background-color":"var(--ast-global-color-5)","background-image":"","background-repeat":"repeat","background-position":"center center","background-size":"auto","background-attachment":"scroll","background-type":"","background-media":"","overlay-type":"","overlay-color":"","overlay-opacity":"","overlay-gradient":""},"mobile":{"background-color":"var(--ast-global-color-5)","background-image":"","background-repeat":"repeat","background-position":"center center","background-size":"auto","background-attachment":"scroll","background-type":"","background-media":"","overlay-type":"","overlay-color":"","overlay-opacity":"","overlay-gradient":""}},"_joinchat":[],"footnotes":""},"class_list":["post-1555","page","type-page","status-publish","hentry"],"_links":{"self":[{"href":"https:\/\/maittaa.com\/en\/wp-json\/wp\/v2\/pages\/1555","targetHints":{"allow":["GET"]}}],"collection":[{"href":"https:\/\/maittaa.com\/en\/wp-json\/wp\/v2\/pages"}],"about":[{"href":"https:\/\/maittaa.com\/en\/wp-json\/wp\/v2\/types\/page"}],"author":[{"embeddable":true,"href":"https:\/\/maittaa.com\/en\/wp-json\/wp\/v2\/users\/1"}],"replies":[{"embeddable":true,"href":"https:\/\/maittaa.com\/en\/wp-json\/wp\/v2\/comments?post=1555"}],"version-history":[{"count":3,"href":"https:\/\/maittaa.com\/en\/wp-json\/wp\/v2\/pages\/1555\/revisions"}],"predecessor-version":[{"id":1612,"href":"https:\/\/maittaa.com\/en\/wp-json\/wp\/v2\/pages\/1555\/revisions\/1612"}],"wp:attachment":[{"href":"https:\/\/maittaa.com\/en\/wp-json\/wp\/v2\/media?parent=1555"}],"curies":[{"name":"wp","href":"https:\/\/api.w.org\/{rel}","templated":true}]}}